{"id":296,"date":"2019-10-13T18:17:23","date_gmt":"2019-10-13T18:17:23","guid":{"rendered":"http:\/\/marialauracerbelli.com\/fr\/?page_id=296"},"modified":"2019-10-13T18:58:31","modified_gmt":"2019-10-13T18:58:31","slug":"barres","status":"publish","type":"page","link":"http:\/\/marialauracerbelli.com\/fr\/barres\/","title":{"rendered":"Barres prot\u00e9in\u00e9es"},"content":{"rendered":"<div id=\"cs-content\" class=\"cs-content\"><\/div>\n","protected":false},"excerpt":{"rendered":"<p>Les barres prot\u00e9in\u00e9esD\u00e9couvrez les d\u00e9licieuses barres prot\u00e9in\u00e9es artisanales, sans agents de conservation, parfaites pour un entrainement optimal. Les traditionnelswhey x , chocolatLes d\u00e9liceswhey x, beurre d\u2019arachides et pommesLes c\u00e9tog\u00e8neswhey x, k\u00e9to (sans glucides)Les intol\u00e9rantesISO ( sans amandes)Les natureswhey x, yogourt grec et cannebergesLes excellencesk\u00e9to avec l\u2019ISOPOINTS DE VENTE Bar sant\u00e9 de Maxi Forme Gym Levis Bistro Mega Fitness Gym CONDITIONS &#8230;<\/p>\n","protected":false},"author":1,"featured_media":0,"parent":0,"menu_order":0,"comment_status":"closed","ping_status":"closed","template":"template-blank-4.php","meta":{"footnotes":""},"class_list":["post-296","page","type-page","status-publish","hentry","no-post-thumbnail"],"_links":{"self":[{"href":"http:\/\/marialauracerbelli.com\/fr\/wp-json\/wp\/v2\/pages\/296","targetHints":{"allow":["GET"]}}],"collection":[{"href":"http:\/\/marialauracerbelli.com\/fr\/wp-json\/wp\/v2\/pages"}],"about":[{"href":"http:\/\/marialauracerbelli.com\/fr\/wp-json\/wp\/v2\/types\/page"}],"author":[{"embeddable":true,"href":"http:\/\/marialauracerbelli.com\/fr\/wp-json\/wp\/v2\/users\/1"}],"replies":[{"embeddable":true,"href":"http:\/\/marialauracerbelli.com\/fr\/wp-json\/wp\/v2\/comments?post=296"}],"version-history":[{"count":8,"href":"http:\/\/marialauracerbelli.com\/fr\/wp-json\/wp\/v2\/pages\/296\/revisions"}],"predecessor-version":[{"id":318,"href":"http:\/\/marialauracerbelli.com\/fr\/wp-json\/wp\/v2\/pages\/296\/revisions\/318"}],"wp:attachment":[{"href":"http:\/\/marialauracerbelli.com\/fr\/wp-json\/wp\/v2\/media?parent=296"}],"curies":[{"name":"wp","href":"https:\/\/api.w.org\/{rel}","templated":true}]}}