{"id":421,"date":"2024-02-29T18:05:37","date_gmt":"2024-02-29T18:05:37","guid":{"rendered":"http:\/\/marialauracerbelli.com\/fr\/?page_id=421"},"modified":"2026-02-20T14:41:46","modified_gmt":"2026-02-20T14:41:46","slug":"services","status":"publish","type":"page","link":"http:\/\/marialauracerbelli.com\/fr\/services\/","title":{"rendered":"Services Maria"},"content":{"rendered":"<div id=\"cs-content\" class=\"cs-content\"><div id=\"x-section-1\" class=\"x-section man bg-image parallax\" style=\"margin: 0px;padding: 0px; background-image: url(http:\/\/marialauracerbelli.com\/fr\/wp-content\/uploads\/2017\/07\/bann_couverture-1.png); background-color: hsla(0, 0%, 100%, 0);\" data-x-element=\"section\" data-x-params=\"{&quot;type&quot;:&quot;image&quot;,&quot;parallax&quot;:true}\"><div id=\"\" class=\"x-container marginless-columns\" style=\"margin: 0px auto;padding: 0px; background-color:hsla(0, 0%, 100%, 0);\" ><div  class=\"x-column x-sm cs-ta-center vab x-1-2\" style=\"padding: 5% 5% 0px;opacity: 0; transform: translate(-45px, 0); transition-duration: 750ms; background-color:hsla(0, 0%, 100%, 0);\" data-x-element=\"column\" data-x-params=\"{&quot;fade&quot;:true}\" data-fade=\"true\">&nbsp;<\/div><div  class=\"x-column x-sm vam x-1-2\" style=\"padding: 7.5%; background-color:hsl(0, 0%, 100%);\" ><h2  class=\"h-custom-headline man h2\" style=\"color: hsl(0, 0%, 36%);\"><span><small>MES SERVICES<\/small>LE <strong><font color=\"40B4E8\">fitness<\/font><\/strong><\/span><\/h2><hr  class=\"x-gap\" style=\"margin: 35px 0 0 0;\"><ul  class=\"x-feature-list man\"  data-x-element=\"feature_list\" data-x-params=\"{&quot;animationOffset&quot;:&quot;50&quot;,&quot;animationDelayInitial&quot;:&quot;0&quot;,&quot;animationDelayBetween&quot;:&quot;300&quot;}\"><li  class=\"x-feature-box left-text top-text cf\" style=\" max-width: none;\" data-x-element=\"feature_box\" data-x-params=\"{&quot;child&quot;:true,&quot;graphicAnimation&quot;:&quot;tada&quot;,&quot;connectorAnimation&quot;:&quot;pulse&quot;,&quot;alignH&quot;:&quot;left&quot;,&quot;alignV&quot;:&quot;top&quot;}\"><span class=\"x-feature-box-connector full\" style=\"font-size: 40px; left: 0; right: calc(100% - 40px); border-left: 1px dashed hsla(0, 0%, 36%, 0.25);\"><\/span><div class=\"x-feature-box-graphic square \"><div class=\"x-feature-box-graphic-outer square\" style=\" margin-right: 20px;\"><div class=\"x-feature-box-graphic-inner square\" style=\"font-size: 40px;\"><img decoding=\"async\" class=\"square\" src=\"http:\/\/marialauracerbelli.com\/fr\/wp-content\/uploads\/2017\/07\/runner.png\" style=\"margin: 0 auto;\"><\/div><\/div><\/div><div class=\"x-feature-box-content \"><h4 class=\"x-feature-box-title\" style=\"color: hsl(0, 0%, 0%);\">S\u00c9ANCES PRIV\u00c9ES D'ENTRAINEMENT \/ SEMI-PRIV\u00c9ES<\/h4><p class=\"x-feature-box-text\" style=\"color: hsl(0, 0%, 0%);\">(2 ou 3 personnes avec les m\u00eames objectifs pour la s\u00e9ance semi-priv\u00e9es) <p>Musculation, entrainement fonctionnel, calisthenic, stretching<p> **Seulement disponible en mode abonnement, inclus le programme d'exercices, plan alimentaire, \u00e9valuation de la masse corporelle, s\u00e9ances d'entrainement<p>Tarif :\u00a0260$\/mois +tx<\/p><\/div><\/li><li  class=\"x-feature-box left-text top-text cf\" style=\" max-width: none;\" data-x-element=\"feature_box\" data-x-params=\"{&quot;child&quot;:true,&quot;graphicAnimation&quot;:&quot;tada&quot;,&quot;connectorAnimation&quot;:&quot;pulse&quot;,&quot;alignH&quot;:&quot;left&quot;,&quot;alignV&quot;:&quot;top&quot;}\"><span class=\"x-feature-box-connector full\" style=\"font-size: 40px; left: 0; right: calc(100% - 40px); border-left: 1px dashed hsla(0, 0%, 36%, 0.25);\"><\/span><div class=\"x-feature-box-graphic square \"><div class=\"x-feature-box-graphic-outer square\" style=\" margin-right: 20px;\"><div class=\"x-feature-box-graphic-inner square\" style=\"font-size: 40px;\"><img decoding=\"async\" class=\"square\" src=\"http:\/\/marialauracerbelli.com\/fr\/wp-content\/uploads\/2017\/07\/muscu.png\" style=\"margin: 0 auto;\"><\/div><\/div><\/div><div class=\"x-feature-box-content \"><h4 class=\"x-feature-box-title\" style=\"color: hsl(0, 0%, 0%);\">\u00c9LABORATION D'UN PROGRAMME D'ENTRAINEMENT PERSONNALIS\u00c9<\/h4><p class=\"x-feature-box-text\" style=\"color: hsl(0, 0%, 0%);\"><ul> \t<li>Rencontre d\u2019information<\/li> \t<li>\u00c9laboration du programme en fonction des objectifs du client<\/li>\t<li>3 s\u00e9ances d\u2019entrainement priv\u00e9 pour montrer les techniques et v\u00e9rification de la bonne ex\u00e9cution des exercices inclus<\/li><\/ul> Tarif : 230$ +tx<\/p><\/div><\/li><li  class=\"x-feature-box left-text top-text cf\" style=\" max-width: none;\" data-x-element=\"feature_box\" data-x-params=\"{&quot;child&quot;:true,&quot;graphicAnimation&quot;:&quot;tada&quot;,&quot;connectorAnimation&quot;:&quot;pulse&quot;,&quot;alignH&quot;:&quot;left&quot;,&quot;alignV&quot;:&quot;top&quot;}\"><span class=\"x-feature-box-connector full\" style=\"font-size: 40px; left: 0; right: calc(100% - 40px); border-left: 1px dashed hsla(0, 0%, 36%, 0.25);\"><\/span><div class=\"x-feature-box-graphic square \"><div class=\"x-feature-box-graphic-outer square\" style=\" margin-right: 20px;\"><div class=\"x-feature-box-graphic-inner square\" style=\"font-size: 40px;\"><img decoding=\"async\" class=\"square\" src=\"http:\/\/marialauracerbelli.com\/fr\/wp-content\/uploads\/2017\/07\/food.png\" style=\"margin: 0 auto;\"><\/div><\/div><\/div><div class=\"x-feature-box-content \"><h4 class=\"x-feature-box-title\" style=\"color: hsl(0, 0%, 0%);\">\u00e9laboration d\u2019un programme de strat\u00e9gie nutritionnelle<\/h4><p class=\"x-feature-box-text\" style=\"color: hsl(0, 0%, 0%);\"><ul> \t<li>Rencontre d\u2019information<\/li> \t<li>\u00c9laboration du programme en fonction des objectifs du client<\/li>\t<li>6 \u00e9valuation de la biosignature et modifications du plan inclus.<\/li><\/ul> Tarif : 215$ +tx<\/p><\/div><\/li><li  class=\"x-feature-box left-text top-text cf\" style=\" max-width: none;\" data-x-element=\"feature_box\" data-x-params=\"{&quot;child&quot;:true,&quot;graphicAnimation&quot;:&quot;tada&quot;,&quot;connectorAnimation&quot;:&quot;pulse&quot;,&quot;alignH&quot;:&quot;left&quot;,&quot;alignV&quot;:&quot;top&quot;}\"><span class=\"x-feature-box-connector full\" style=\"font-size: 40px; left: 0; right: calc(100% - 40px); border-left: 1px dashed hsla(0, 0%, 36%, 0.25);\"><\/span><div class=\"x-feature-box-graphic square \"><div class=\"x-feature-box-graphic-outer square\" style=\" margin-right: 20px;\"><div class=\"x-feature-box-graphic-inner square\" style=\"font-size: 40px;\"><img decoding=\"async\" class=\"square\" src=\"http:\/\/marialauracerbelli.com\/fr\/wp-content\/uploads\/2023\/05\/XPN-1.png\" style=\"margin: 0 auto;\"><\/div><\/div><\/div><div class=\"x-feature-box-content \"><h4 class=\"x-feature-box-title\" style=\"color: hsl(0, 0%, 0%);\">PRODUITS<\/h4><p class=\"x-feature-box-text\" style=\"color: hsl(0, 0%, 0%);\"><ul>  \t<li>Ambassadrice XPN<\/li> <\/p><\/div><\/li><\/ul><\/div><\/div><\/div><div id=\"x-section-2\" class=\"x-section man bg-image parallax\" style=\"margin: 0px;padding: 0px; background-image: url(http:\/\/marialauracerbelli.com\/fr\/wp-content\/uploads\/2023\/10\/maria_massage.png); background-color: hsla(0, 0%, 100%, 0);\" data-x-element=\"section\" data-x-params=\"{&quot;type&quot;:&quot;image&quot;,&quot;parallax&quot;:true}\"><div id=\"\" class=\"x-container marginless-columns\" style=\"margin: 0px auto;padding: 0px; background-color:hsla(0, 0%, 100%, 0);\" ><div  class=\"x-column x-sm vam x-1-2\" style=\"padding: 7.5%; background-color:hsl(0, 0%, 100%);\" ><h2  class=\"h-custom-headline man h2\" style=\"color: hsl(0, 0%, 36%);\"><span><small>mes services<\/small>Le <strong><font color=\"40B4E8\">BIEN-\u00eatre<\/font><\/strong><\/span><\/h2><hr  class=\"x-gap\" style=\"margin: 35px 0 0 0;\"><ul  class=\"x-feature-list man\"  data-x-element=\"feature_list\" data-x-params=\"{&quot;animationOffset&quot;:&quot;50&quot;,&quot;animationDelayInitial&quot;:&quot;0&quot;,&quot;animationDelayBetween&quot;:&quot;300&quot;}\"><li  class=\"x-feature-box left-text top-text cf\" style=\" max-width: none;\" data-x-element=\"feature_box\" data-x-params=\"{&quot;child&quot;:true,&quot;graphicAnimation&quot;:&quot;tada&quot;,&quot;connectorAnimation&quot;:&quot;pulse&quot;,&quot;alignH&quot;:&quot;left&quot;,&quot;alignV&quot;:&quot;top&quot;}\"><span class=\"x-feature-box-connector full\" style=\"font-size: 40px; left: 0; right: calc(100% - 40px); border-left: 1px dashed hsla(0, 0%, 36%, 0.25);\"><\/span><div class=\"x-feature-box-graphic square \"><div class=\"x-feature-box-graphic-outer square\" style=\" margin-right: 20px;\"><div class=\"x-feature-box-graphic-inner square\" style=\"font-size: 40px;\"><img decoding=\"async\" class=\"square\" src=\"http:\/\/marialauracerbelli.com\/fr\/wp-content\/uploads\/2023\/05\/vignette_massage2.png\" style=\"margin: 0 auto;\"><\/div><\/div><\/div><div class=\"x-feature-box-content \"><h4 class=\"x-feature-box-title\" style=\"color: hsl(0, 0%, 0%);\">MASSAGES<\/h4><p class=\"x-feature-box-text\" style=\"color: hsl(0, 0%, 0%);\">Re\u00e7us d\u2019assurances (Membre du RMPQ (R\u00e9seau de Massoth\u00e9rapeutes Professionnels de Qu\u00e9bec)) <p> <ul>  <\/li>   <\/li>  \t<li>Massage de relaxation (possibilit\u00e9 d'utiliser des pierres chaudes)  ;<\/li>  \t<li>Massage tha\u00eflandais avec travail de la mobilit\u00e9 articulaire  ;<\/li>  \t<li> Massage th\u00e9rapeutique (su\u00e9doise, kin\u00e9, ventouses, taping).<\/li>    \t<\/ul>  <p>\u00c0 partir de : 90$\/h +tx<\/p><\/div><\/li><li  class=\"x-feature-box left-text top-text cf\" style=\" max-width: none;\" data-x-element=\"feature_box\" data-x-params=\"{&quot;child&quot;:true,&quot;graphicAnimation&quot;:&quot;tada&quot;,&quot;connectorAnimation&quot;:&quot;pulse&quot;,&quot;alignH&quot;:&quot;left&quot;,&quot;alignV&quot;:&quot;top&quot;}\"><span class=\"x-feature-box-connector full\" style=\"font-size: 40px; left: 0; right: calc(100% - 40px); border-left: 1px dashed hsla(0, 0%, 36%, 0.25);\"><\/span><div class=\"x-feature-box-graphic square \"><div class=\"x-feature-box-graphic-outer square\" style=\" margin-right: 20px;\"><div class=\"x-feature-box-graphic-inner square\" style=\"font-size: 40px;\"><img decoding=\"async\" class=\"square\" src=\"http:\/\/marialauracerbelli.com\/fr\/wp-content\/uploads\/2023\/05\/vignette_massage2.png\" style=\"margin: 0 auto;\"><\/div><\/div><\/div><div class=\"x-feature-box-content \"><h4 class=\"x-feature-box-title\" style=\"color: hsl(0, 0%, 0%);\">MASSAGES SUR CHAISE<\/h4><p class=\"x-feature-box-text\" style=\"color: hsl(0, 0%, 0%);\"><ul>  \t<li>Massage sur chaise en entreprise ;<\/li>  \t<\/ul>  <p>Tarif : 105$\/h +tx<\/p><\/div><\/li><li  class=\"x-feature-box left-text top-text cf\" style=\" max-width: none;\" data-x-element=\"feature_box\" data-x-params=\"{&quot;child&quot;:true,&quot;graphicAnimation&quot;:&quot;tada&quot;,&quot;connectorAnimation&quot;:&quot;pulse&quot;,&quot;alignH&quot;:&quot;left&quot;,&quot;alignV&quot;:&quot;top&quot;}\"><span class=\"x-feature-box-connector full\" style=\"font-size: 40px; left: 0; right: calc(100% - 40px); border-left: 1px dashed hsla(0, 0%, 36%, 0.25);\"><\/span><div class=\"x-feature-box-graphic square \"><div class=\"x-feature-box-graphic-outer square\" style=\" margin-right: 20px;\"><div class=\"x-feature-box-graphic-inner square\" style=\"font-size: 40px;\"><img decoding=\"async\" class=\"square\" src=\"http:\/\/marialauracerbelli.com\/fr\/wp-content\/uploads\/2023\/05\/vignette_massage2.png\" style=\"margin: 0 auto;\"><\/div><\/div><\/div><div class=\"x-feature-box-content \"><h4 class=\"x-feature-box-title\" style=\"color: hsl(0, 0%, 0%);\">MASSAGES POUR LES ANCIENS COMBATTANTS<\/h4><p class=\"x-feature-box-text\" style=\"color: hsl(0, 0%, 0%);\"><STRONG>ACCR\u00c9DIT\u00c9E MEDAVIE CROIX BLEU<\/STRONG><p> Je m'occupe de tout, j'ai seulement besoin de votre prescription m\u00e9dicale. La facture est ensuite donn\u00e9e aux assurances et je fais les d\u00e9marches n\u00e9cessaires pour rallonger le nombre de s\u00e9ances si vous exc\u00e9dez la limite. <ul>  \t<li>Douleurs chroniques<\/li>  \t<li>Arthrose<\/li><li>D\u00e9pression<\/li><li>Syndrome du stress post traumatique<\/li><li>Stress<\/li><\/ul><\/p><\/div><\/li><\/ul><\/div><div  class=\"x-column x-sm cs-ta-center vab x-1-2\" style=\"padding: 10 5% 0px;opacity: 0; transform: translate(10px, 0); transition-duration: 500ms; background-color:hsla(0, 0%, 100%, 0);\" data-x-element=\"column\" data-x-params=\"{&quot;fade&quot;:true}\" data-fade=\"true\">&nbsp;<\/div><\/div><\/div><div id=\"x-section-3\" class=\"x-section bg-pattern parallax\" style=\"margin: 0px;padding: 7.5% 0px; background-image: url(http:\/\/marialauracerbelli.com\/fr\/wp-content\/uploads\/2017\/07\/whitediamond.png); background-color: hsl(0, 0%, 90%);\" data-x-element=\"section\" data-x-params=\"{&quot;type&quot;:&quot;pattern&quot;,&quot;parallax&quot;:true}\"><div id=\"\" class=\"x-container max width\" style=\"margin: 0px auto;padding: 0px;\" ><div  class=\"x-column x-sm cs-ta-center x-1-1\" style=\"padding: 0px;\" ><hr  class=\"x-gap x-hide-xl x-hide-lg x-hide-md\" style=\"margin: 50px 0 0 0;\"><h2  class=\"h-custom-headline cs-ta-center man h2\" style=\"color: hsl(0, 0%, 40%);\"><span><small>MARIA LAURA CERBELLI<\/small><strong><font color=\"40B4E8\">le travail<\/font><\/strong> <font color=\"575756\">en images<\/font><\/strong><\/span><\/h2><hr  class=\"x-gap\" style=\"margin: 50px 0 0 0;\"><hr  class=\"x-gap x-hide-xl x-hide-lg x-hide-md\" style=\"margin: 50px 0 0 0;\"><\/div><\/div><div id=\"\" class=\"x-container max width\" style=\"margin: 0px auto;padding: 0px;\" ><div  class=\"x-column x-sm x-1-3\" style=\"padding: 0px;\" ><h2  class=\"h-custom-headline cs-ta-center h3\" ><span>l'entrainement en salle<\/span><\/h2><a  class=\"x-img x-img-link x-img-thumbnail\"  href=\"http:\/\/marialauracerbelli.com\/fr\/lentrainement-en-salle\/\"     data-options=\"thumbnail: 'http:\/\/marialauracerbelli.com\/fr\/wp-content\/uploads\/2017\/08\/2017_06_28_EOS-6D_5294.jpg'\"><img decoding=\"async\" src=\"http:\/\/marialauracerbelli.com\/fr\/wp-content\/uploads\/2017\/08\/2017_06_28_EOS-6D_5294.jpg\" ><\/a><\/div><div  class=\"x-column x-sm x-1-3\" style=\"padding: 0px;\" ><h2  class=\"h-custom-headline cs-ta-center h3\" ><span>l'entrainement musculaire<\/span><\/h2><a  class=\"x-img x-img-link x-img-thumbnail\"  href=\"http:\/\/marialauracerbelli.com\/fr\/lentrainement-musculaire\/\"     data-options=\"thumbnail: 'http:\/\/marialauracerbelli.com\/fr\/wp-content\/uploads\/2023\/10\/SLA_4992.jpg'\"><img decoding=\"async\" src=\"http:\/\/marialauracerbelli.com\/fr\/wp-content\/uploads\/2023\/10\/SLA_4992.jpg\" ><\/a><\/div><div  class=\"x-column x-sm x-1-3\" style=\"padding: 0px;\" ><h2  class=\"h-custom-headline cs-ta-center h3\" ><span>MASSAGES ET \u00c9TIREMENTS<\/span><\/h2><a  class=\"x-img x-img-link x-img-thumbnail\"  href=\"http:\/\/marialauracerbelli.com\/fr\/seances-detirement\/\"     data-options=\"thumbnail: 'http:\/\/marialauracerbelli.com\/fr\/wp-content\/uploads\/2023\/10\/IMG_42391.jpg'\"><img decoding=\"async\" src=\"http:\/\/marialauracerbelli.com\/fr\/wp-content\/uploads\/2023\/10\/IMG_42391.jpg\" ><\/a><\/div><\/div><div id=\"\" class=\"x-container cs-ta-center max width\" style=\"margin: 0px auto;padding: 0px;\" ><div  class=\"x-column x-sm x-1-1\" style=\"padding: 0px;\" ><hr  class=\"x-gap\" style=\"margin: 50px 0 0 0;\"><a  class=\"x-btn x-btn-flat x-btn-pill x-btn-regular\"  href=\"http:\/\/marialauracerbelli.com\/fr\/videos\/\" title=\"Classes\"    data-options=\"thumbnail: ''\"><i  class=\"x-icon mvn mln mrs x-icon-video-camera\" data-x-icon-s=\"&#xf03d;\" aria-hidden=\"true\"><\/i>Voir toutes les vid\u00e9os<\/a><\/div><\/div><\/div><div id=\"x-section-4\" class=\"x-section bg-pattern\" style=\"margin: 0px;padding: 45px 0px; background-image: url(http:\/\/marialauracerbelli.com\/fr\/wp-content\/uploads\/2017\/07\/whitediamond.png); background-color: transparent;\" data-x-element=\"section\" data-x-params=\"{&quot;type&quot;:&quot;pattern&quot;,&quot;parallax&quot;:false}\"><div id=\"\" class=\"x-container max width\" style=\"margin: 0px auto;padding: 0px;\" ><div  class=\"x-column x-sm x-1-1\" style=\"padding: 0px;\" ><h2  class=\"h-custom-headline cs-ta-center h3 accent\" ><span>Nous ferons un plan sur mesure, pour vous!<\/span><\/h2><div id=\"\" class=\"x-text\" style=\"\" ><p style=\"text-align: center;\"><span style=\"color: #292929;\">T\u00e9l\u00e9phone : <a href=\"tel:(418) 261-1406\">(418) 261-1406<\/a><\/span><br \/>\n<span style=\"color: #292929;\"> Courriel : <a href=\"mailto:mlcerbelli@hotmail.com\">mlcerbelli@hotmail.com<\/a><\/span><\/p>\n<\/div><\/div><\/div><div id=\"\" class=\"x-container max width\" style=\"margin: 0px auto;padding: 0px 0px 20px;\" ><div  class=\"x-column x-sm cs-ta-right x-1-2\" style=\"padding: 0px;\" ><a class=\"x-anchor x-anchor-button has-graphic e421-e50 mbp-0 mbp-1\" tabindex=\"0\" href=\"https:\/\/www.facebook.com\/marialaura.cerbelli\" target=\"_blank\" rel=\"noopener noreferrer\"><div class=\"x-anchor-content\"><span class=\"x-graphic\" aria-hidden=\"true\"><i class=\"x-icon x-graphic-child x-graphic-icon x-graphic-primary\" aria-hidden=\"true\" data-x-icon-b=\"&#xf09a;\"><\/i><\/span><\/div><\/a><\/div><div  class=\"x-column x-sm cs-ta-left x-1-2\" style=\"padding: 0px;\" ><a class=\"x-anchor x-anchor-button has-graphic e421-e52 mbp-0 mbp-2\" tabindex=\"0\" href=\"https:\/\/www.instagram.com\/marialauracerbelli.ifbbpro\/\" target=\"_blank\" rel=\"noopener noreferrer\"><div class=\"x-anchor-content\"><span class=\"x-graphic\" aria-hidden=\"true\"><i class=\"x-icon x-graphic-child x-graphic-icon x-graphic-primary\" aria-hidden=\"true\" data-x-icon-b=\"&#xf16d;\"><\/i><\/span><\/div><\/a><\/div><\/div><div id=\"\" class=\"x-container max width\" style=\"margin: 0px auto;padding: 0px;\" ><div  class=\"x-column x-sm x-1-1\" style=\"padding: 0px;\" ><div class=\"x-text x-content e421-e55 mbp-3\"><div data-professionalpagename=\"\" data-bookingwidgeturlparams=\"companyId=103624\" data-language=\"fr\" data-label=\"Prendre un rendez-vous en ligne\" data-url=\"https:\/\/www.gorendezvous.com\/\" class=\"gorendezvous-button\" data-buttoncolor=\"GOrendezvous\" data-width=\"280px\" data-height=\"50px\"><a href=\"https:\/\/www.gorendezvous.com\/homepage\/103624?companyId=103624\" target=\"GOrendezvous\">Prendre un rendez-vous en ligne<\/a><\/div>\n<script>!function (d, s) { var js, sid = \"gorendezvous-bookingwidget-script\"; var sEl = d.getElementById(sid); if(sEl) { sEl.parentNode.removeChild(sEl); } js = d.createElement(s); js.id = sid; js.src = \"https:\/\/www.gorendezvous.com\/Scripts\/gorendezvous.bookingWidgetV2.min.js?v=\" + (Math.floor(new Date().getTime()\/(1000*60*30))*(1000*60*30)).toString(); d.body.appendChild(js); } (document, \"script\");<\/script><\/div><\/div><\/div><\/div><\/div>\n","protected":false},"excerpt":{"rendered":"<p>&nbsp;MES SERVICESLE fitnessS\u00c9ANCES PRIV\u00c9ES D&rsquo;ENTRAINEMENT \/ SEMI-PRIV\u00c9ES(2 ou 3 personnes avec les m\u00eames objectifs pour la s\u00e9ance semi-priv\u00e9es) Musculation, entrainement fonctionnel, calisthenic, stretching **Seulement disponible en mode abonnement, inclus le programme d&rsquo;exercices, plan alimentaire, \u00e9valuation de la masse corporelle, s\u00e9ances d&rsquo;entrainementTarif :\u00a0260$\/mois +tx\u00c9LABORATION D&rsquo;UN PROGRAMME D&rsquo;ENTRAINEMENT PERSONNALIS\u00c9 Rencontre d\u2019information \u00c9laboration du programme en fonction des objectifs du client 3 s\u00e9ances &#8230;<\/p>\n","protected":false},"author":1,"featured_media":0,"parent":0,"menu_order":0,"comment_status":"closed","ping_status":"closed","template":"template-blank-4.php","meta":{"footnotes":""},"class_list":["post-421","page","type-page","status-publish","hentry","no-post-thumbnail"],"_links":{"self":[{"href":"http:\/\/marialauracerbelli.com\/fr\/wp-json\/wp\/v2\/pages\/421","targetHints":{"allow":["GET"]}}],"collection":[{"href":"http:\/\/marialauracerbelli.com\/fr\/wp-json\/wp\/v2\/pages"}],"about":[{"href":"http:\/\/marialauracerbelli.com\/fr\/wp-json\/wp\/v2\/types\/page"}],"author":[{"embeddable":true,"href":"http:\/\/marialauracerbelli.com\/fr\/wp-json\/wp\/v2\/users\/1"}],"replies":[{"embeddable":true,"href":"http:\/\/marialauracerbelli.com\/fr\/wp-json\/wp\/v2\/comments?post=421"}],"version-history":[{"count":9,"href":"http:\/\/marialauracerbelli.com\/fr\/wp-json\/wp\/v2\/pages\/421\/revisions"}],"predecessor-version":[{"id":454,"href":"http:\/\/marialauracerbelli.com\/fr\/wp-json\/wp\/v2\/pages\/421\/revisions\/454"}],"wp:attachment":[{"href":"http:\/\/marialauracerbelli.com\/fr\/wp-json\/wp\/v2\/media?parent=421"}],"curies":[{"name":"wp","href":"https:\/\/api.w.org\/{rel}","templated":true}]}}