{"id":51,"date":"2016-08-05T11:43:13","date_gmt":"2016-08-05T16:43:13","guid":{"rendered":"http:\/\/marialauracerbelli.com\/fr\/index.php\/contact\/"},"modified":"2024-04-09T00:31:24","modified_gmt":"2024-04-09T00:31:24","slug":"contact","status":"publish","type":"page","link":"http:\/\/marialauracerbelli.com\/fr\/contact\/","title":{"rendered":"Contact"},"content":{"rendered":"<div id=\"cs-content\" class=\"cs-content\"><\/div>\n","protected":false},"excerpt":{"rendered":"<p>Nous ferons un plan sur mesure, pour vous!T\u00e9l\u00e9phone : (418) 261-1406 Courriel : mlcerbelli@hotmail.com Adresse : Gym Cit\u00e9 Fitness &#8211; 1400 Ave Saint-Jean-Baptiste, Qu\u00e9bec City, Quebec G1N 4N7 Prendre un rendez-vous en ligne<\/p>\n","protected":false},"author":1,"featured_media":0,"parent":0,"menu_order":0,"comment_status":"closed","ping_status":"closed","template":"template-blank-4.php","meta":{"footnotes":""},"class_list":["post-51","page","type-page","status-publish","hentry","no-post-thumbnail"],"_links":{"self":[{"href":"http:\/\/marialauracerbelli.com\/fr\/wp-json\/wp\/v2\/pages\/51","targetHints":{"allow":["GET"]}}],"collection":[{"href":"http:\/\/marialauracerbelli.com\/fr\/wp-json\/wp\/v2\/pages"}],"about":[{"href":"http:\/\/marialauracerbelli.com\/fr\/wp-json\/wp\/v2\/types\/page"}],"author":[{"embeddable":true,"href":"http:\/\/marialauracerbelli.com\/fr\/wp-json\/wp\/v2\/users\/1"}],"replies":[{"embeddable":true,"href":"http:\/\/marialauracerbelli.com\/fr\/wp-json\/wp\/v2\/comments?post=51"}],"version-history":[{"count":13,"href":"http:\/\/marialauracerbelli.com\/fr\/wp-json\/wp\/v2\/pages\/51\/revisions"}],"predecessor-version":[{"id":429,"href":"http:\/\/marialauracerbelli.com\/fr\/wp-json\/wp\/v2\/pages\/51\/revisions\/429"}],"wp:attachment":[{"href":"http:\/\/marialauracerbelli.com\/fr\/wp-json\/wp\/v2\/media?parent=51"}],"curies":[{"name":"wp","href":"https:\/\/api.w.org\/{rel}","templated":true}]}}